{"id":387,"date":"2017-08-11T04:54:24","date_gmt":"2017-08-11T04:54:24","guid":{"rendered":"http:\/\/bach-electronic-solutions.de\/?page_id=387"},"modified":"2020-06-25T09:34:03","modified_gmt":"2020-06-25T09:34:03","slug":"sicherheitstechnik","status":"publish","type":"page","link":"https:\/\/bach-electronic-solutions.de\/?page_id=387","title":{"rendered":"Sicherheitstechnik"},"content":{"rendered":"<p>Hier geht es um Ihre Sicherheit.<\/p>\n<p>Wir bieten Ihnen ein komplettes Paket aus einer Hand. Von der Objekt bezogenen Beratung, \u00fcber die Planung des Projekt, weiter zur fachgerechte Installation und Service der Anlagen.<\/p>\n<p>Hier geht es zu den Analgen:<\/p>\n<ul>\n<li><a href=\"http:\/\/bach-electronic-solutions.de\/?page_id=273\">Gefahrenmeldeanlagen<\/a><\/li>\n<\/ul>\n<p><a href=\"http:\/\/bach-electronic-solutions.de\/wp-content\/uploads\/2020\/06\/alarm-system-2136501_1920.jpg\"><img loading=\"lazy\" class=\"alignnone size-medium wp-image-555\" src=\"http:\/\/bach-electronic-solutions.de\/wp-content\/uploads\/2020\/06\/alarm-system-2136501_1920-300x200.jpg\" alt=\"\" width=\"300\" height=\"200\" srcset=\"https:\/\/bach-electronic-solutions.de\/wp-content\/uploads\/2020\/06\/alarm-system-2136501_1920-300x200.jpg 300w, https:\/\/bach-electronic-solutions.de\/wp-content\/uploads\/2020\/06\/alarm-system-2136501_1920-1024x683.jpg 1024w, https:\/\/bach-electronic-solutions.de\/wp-content\/uploads\/2020\/06\/alarm-system-2136501_1920-768x512.jpg 768w, https:\/\/bach-electronic-solutions.de\/wp-content\/uploads\/2020\/06\/alarm-system-2136501_1920-1536x1025.jpg 1536w, https:\/\/bach-electronic-solutions.de\/wp-content\/uploads\/2020\/06\/alarm-system-2136501_1920-1619x1080.jpg 1619w, https:\/\/bach-electronic-solutions.de\/wp-content\/uploads\/2020\/06\/alarm-system-2136501_1920.jpg 1920w\" sizes=\"(max-width: 300px) 100vw, 300px\" \/><\/a><\/p>\n<hr \/>\n<ul>\n<li><a href=\"http:\/\/bach-electronic-solutions.de\/?page_id=123\">Video\u00fcberwachung<\/a><\/li>\n<li><a href=\"http:\/\/bach-electronic-solutions.de\/?page_id=139\">Tempor\u00e4re \u00dcberwachung<\/a><\/li>\n<\/ul>\n<p><a href=\"http:\/\/bach-electronic-solutions.de\/wp-content\/uploads\/2020\/06\/camera-1944039_1280.jpg\"><img loading=\"lazy\" class=\"alignnone size-medium wp-image-556\" src=\"http:\/\/bach-electronic-solutions.de\/wp-content\/uploads\/2020\/06\/camera-1944039_1280-300x169.jpg\" alt=\"\" width=\"300\" height=\"169\" srcset=\"https:\/\/bach-electronic-solutions.de\/wp-content\/uploads\/2020\/06\/camera-1944039_1280-300x169.jpg 300w, https:\/\/bach-electronic-solutions.de\/wp-content\/uploads\/2020\/06\/camera-1944039_1280-1024x576.jpg 1024w, https:\/\/bach-electronic-solutions.de\/wp-content\/uploads\/2020\/06\/camera-1944039_1280-768x432.jpg 768w, https:\/\/bach-electronic-solutions.de\/wp-content\/uploads\/2020\/06\/camera-1944039_1280.jpg 1280w\" sizes=\"(max-width: 300px) 100vw, 300px\" \/><\/a><\/p>\n<hr \/>\n","protected":false},"excerpt":{"rendered":"<p>Hier geht es um Ihre Sicherheit. Wir bieten Ihnen ein komplettes Paket aus einer Hand. Von der Objekt bezogenen Beratung, \u00fcber die Planung des Projekt, weiter zur fachgerechte Installation und Service der Anlagen. Hier geht es zu den Analgen: Gefahrenmeldeanlagen Video\u00fcberwachung Tempor\u00e4re \u00dcberwachung<\/p>\n","protected":false},"author":1,"featured_media":0,"parent":0,"menu_order":0,"comment_status":"closed","ping_status":"closed","template":"","meta":[],"_links":{"self":[{"href":"https:\/\/bach-electronic-solutions.de\/index.php?rest_route=\/wp\/v2\/pages\/387"}],"collection":[{"href":"https:\/\/bach-electronic-solutions.de\/index.php?rest_route=\/wp\/v2\/pages"}],"about":[{"href":"https:\/\/bach-electronic-solutions.de\/index.php?rest_route=\/wp\/v2\/types\/page"}],"author":[{"embeddable":true,"href":"https:\/\/bach-electronic-solutions.de\/index.php?rest_route=\/wp\/v2\/users\/1"}],"replies":[{"embeddable":true,"href":"https:\/\/bach-electronic-solutions.de\/index.php?rest_route=%2Fwp%2Fv2%2Fcomments&post=387"}],"version-history":[{"count":2,"href":"https:\/\/bach-electronic-solutions.de\/index.php?rest_route=\/wp\/v2\/pages\/387\/revisions"}],"predecessor-version":[{"id":558,"href":"https:\/\/bach-electronic-solutions.de\/index.php?rest_route=\/wp\/v2\/pages\/387\/revisions\/558"}],"wp:attachment":[{"href":"https:\/\/bach-electronic-solutions.de\/index.php?rest_route=%2Fwp%2Fv2%2Fmedia&parent=387"}],"curies":[{"name":"wp","href":"https:\/\/api.w.org\/{rel}","templated":true}]}}