{"id":299,"date":"2017-08-10T14:27:54","date_gmt":"2017-08-10T14:27:54","guid":{"rendered":"http:\/\/bach-electronic-solutions.de\/?page_id=299"},"modified":"2021-02-18T09:02:49","modified_gmt":"2021-02-18T09:02:49","slug":"one-page-express","status":"publish","type":"page","link":"https:\/\/bach-electronic-solutions.de\/","title":{"rendered":"Front Page"},"content":{"rendered":"<div  data-label=\"Overlapable\" data-id=\"stripped-coloured-icon-boxes\" data-category=\"overlapable\" class=\"features-coloured-icon-boxes-section stripped-coloured-icon-boxes\" data-overlap=\"true\" id=\"overlapable-2\" style=\"background-color: rgb(255, 255, 255);\" wfd-id=\"40\"> <div  class=\"gridContainer\" wfd-id=\"41\"> <div  class=\"features-coloured-icon-boxes-innerrow flexbox-list dark-text\" data-type=\"row\" wfd-id=\"42\"> <div  class=\"features-coloured-icon-boxes-featurecol cp3cols\" wfd-id=\"49\"> <div  class=\"features-coloured-icon-boxes-iconcontainer\" data-content-item-container=\"true\" wfd-id=\"50\"> <i  data-cp-fa=\"true\" class=\"features-coloured-icon fa fa-chain\"><\/i> <\/div> <h4  class=\"\">Sicherheitstechnik<\/h4> <p  class=\"\">Sind Sie auf der Suche nach einer Video\u00fcberwachungsl\u00f6sung?<\/p> <a class=\"features-coloured-button\" href=\"https:\/\/bach-electronic-solutions.de?page_id=387\" target=\"_self\" rel=\"noopener noreferrer\">Mehr<\/a> <\/div> <div  class=\"features-coloured-icon-boxes-featurecol cp3cols\" wfd-id=\"47\"> <div  class=\"features-coloured-icon-boxes-iconcontainer\" data-content-item-container=\"true\" wfd-id=\"48\"> <i  data-cp-fa=\"true\" class=\"features-coloured-icon fa fa-cloud\"><\/i> <\/div> <h4  class=\"\">Luftaufnahmen<\/h4> <p  class=\"\">Entdecken Sie mit uns neue Perspektiven und M\u00f6glichkeiten!<\/p> <a class=\"features-coloured-button\" href=\"https:\/\/bach-electronic-solutions.de?page_id=220\" target=\"_self\" rel=\"noopener noreferrer\">Mehr<\/a> <\/div> <div  class=\"features-coloured-icon-boxes-featurecol cp3cols\" wfd-id=\"45\"> <div  class=\"features-coloured-icon-boxes-iconcontainer\" data-content-item-container=\"true\" wfd-id=\"46\"> <i  data-cp-fa=\"true\" class=\"features-coloured-icon fa fa-ambulance\"><\/i> <\/div> <h4  class=\"\">EDV-Dienstleistungen<\/h4> <p  class=\"\">Haben Sie ein Anliegen rund um das Thema elektronische Datenverarbeitung?<\/p> <a class=\"features-coloured-button\" href=\"https:\/\/bach-electronic-solutions.de?page_id=53\" target=\"_self\" rel=\"noopener noreferrer\">Mehr<\/a> <\/div> <div  class=\"features-coloured-icon-boxes-featurecol cp3cols\" wfd-id=\"43\"> <div  class=\"features-coloured-icon-boxes-iconcontainer\" data-content-item-container=\"true\" wfd-id=\"44\"> <i  data-cp-fa=\"true\" class=\"features-coloured-icon fa fa-cart-plus\"><\/i> <\/div> <h4  class=\"\">Online-Shop<\/h4> <p  class=\"\">Promte Selbstabholung? \n<br ><br >Oder bequem nach Hause geliefert bekommen?<\/p> <a class=\"features-coloured-button\" href=\"https:\/\/bach-electronic-solutions.de\" target=\"_self\" rel=\"noopener noreferrer\">in Arbeit<\/a> <\/div> <\/div> <\/div><\/div><div  data-label=\"IT Security\" data-id=\"content-image-right\" data-category=\"content\" class=\"content-right-image-section content-image-right\" id=\"it-security\" style=\"background-color: rgb(255, 255, 255);\" wfd-id=\"35\"> <div  class=\"gridContainer\" wfd-id=\"36\"> <div  class=\"content-right-image-gridcol\" wfd-id=\"37\"> <div  class=\"content-right-image-textcol dynamic-color\" data-type=\"column\" wfd-id=\"39\"> <h2  class=\"\">IT Security<\/h2> <p  class=\"large_text\"> Was Sie tun k\u00f6nnen um sich zu Sch\u00fctzen. Wir beraten Sie gerne zu folgenden Themen:\n<br >\n<br >\u2013 Datensicherung&nbsp;\/ Wiederherstellung&nbsp;<br >\u2013 Security Software\n<br >\u2013 Firewall\n<br >\u2013 Sicherer Internetzugang \/ VPN<\/p>  <\/div> <div  class=\"content-right-image-imgcol\" data-type=\"column\" wfd-id=\"38\"> <img  src=\"http:\/\/bach-electronic-solutions.de\/wp-content\/uploads\/2020\/06\/security-265130_1920.jpg\" class=\"\"> <\/div> <\/div> <\/div> <\/div><div  data-label=\"Frderung\" data-id=\"content-image-left\" data-category=\"content\" class=\"content-left-image-section content-image-left\" id=\"frderung\" style=\"background-color: rgb(255, 255, 255);\" wfd-id=\"30\"> <div  class=\"gridContainer\" wfd-id=\"31\"> <div  class=\"row\" wfd-id=\"32\"> <div  class=\"content-left-image-imgcol\" data-type=\"column\" wfd-id=\"34\"> <img  src=\"http:\/\/bach-electronic-solutions.de\/wp-content\/uploads\/2020\/06\/alarm-system-2136501_1920.jpg\" class=\"\"> <\/div> <div  class=\"content-left-image-textcol dynamic-color\" data-type=\"column\" wfd-id=\"33\"> <h2  class=\"\">Einbruchschutz \u2013 Investitions\u00adzuschuss<\/h2> <p  class=\"large_text\">\u2013 Zuschuss von bis zu 1.600 Euro<br >\u2013 F\u00fcr Ma\u00dfnahmen zum Schutz vor Einbr\u00fcchen<br >\u2013 F\u00fcr Eigent\u00fcmer und Mieter\n<br >\u2013 Staatliche F\u00f6rderung<br >\n<br >Sprechen Sie uns an.\n<\/p>  <\/div> <\/div> <\/div> <\/div><div  id=\"das-sagen-unsere-kunden\" style=\"background-color: #f6f6f6;\" data-label=\"Das sagen unsere Kunden\" data-id=\"testimonials-boxed-section\" data-category=\"testimonials\" class=\"testimonials-boxed-section\" wfd-id=\"20\"> <div  class=\"gridContainer\" wfd-id=\"21\"> <div  class=\"testimonials-boxed-textcol dynamic-color\" data-type=\"column\" wfd-id=\"29\"> <h2  class=\"\">Das sagen unsere Kunden<\/h2> <p  class=\"\"><\/p> <\/div> <div  class=\"testimonials-boxed-itemsrow dark-text\" data-type=\"row\" wfd-id=\"22\"> <div  class=\"testimonials-boxed-itemcol cp4cols cp6cols-tablet\" wfd-id=\"27\"> <div  class=\"testimonials-boxed-itemcard\" data-type=\"column\" wfd-id=\"28\"> <h4  class=\"testimonials-boxed-itemtext\">Winzenh\u00f6ler Reisen<\/h4><img  class=\"testimonials-boxed-itemimg\" data-size=\"500x500\" src=\"http:\/\/bach-electronic-solutions.de\/wp-content\/uploads\/2015\/10\/cropped-acb848d73e043b5731913fba9c970150.png\"> <h5  class=\"testimonials-boxed-itemname\">\u201eWir haben immer pers\u00f6nlichen Kontakt zur Firma BES, sie ist jederzeit erreichbar\u201c<\/h5> <h6  class=\"testimonials-boxed-itempos\"><\/h6> <\/div> <\/div> <div  class=\"testimonials-boxed-itemcol cp4cols cp6cols-tablet\" wfd-id=\"25\"> <div  class=\"testimonials-boxed-itemcard\" data-type=\"column\" wfd-id=\"26\"> <h4  class=\"testimonials-boxed-itemtext\">Reinhard Unternehmensgruppe<\/h4><img  class=\"testimonials-boxed-itemimg\" data-size=\"500x500\" src=\"http:\/\/bach-electronic-solutions.de\/wp-content\/uploads\/2015\/10\/cropped-Reinhard-Gruppe2.png\"> <h5  class=\"testimonials-boxed-itemname\">\u201eAuftr\u00e4ge und w\u00fcnsche zu voller Zufriedenheit erledigt\u201c<\/h5> <h6  class=\"testimonials-boxed-itempos\"><\/h6> <\/div> <\/div> <div  class=\"testimonials-boxed-itemcol cp4cols cp6cols-tablet\" wfd-id=\"23\"> <div  class=\"testimonials-boxed-itemcard\" data-type=\"column\" wfd-id=\"24\"> <h4  class=\"testimonials-boxed-itemtext\">Hausverwaltung Becker<\/h4><img  class=\"testimonials-boxed-itemimg\" data-size=\"500x500\" src=\"http:\/\/bach-electronic-solutions.de\/wp-content\/uploads\/2017\/08\/cropped-Becker-Hausverwaltung2-1.png\"> <h5  class=\"testimonials-boxed-itemname\">\u201eSchneller und pers\u00f6nlicher Service zu fairen Preisen\u201c<\/h5> <h6  class=\"testimonials-boxed-itempos\"><\/h6> <\/div> <\/div> <\/div> <\/div><\/div><div  id=\"sprechen-sie-uns-an\" data-label=\"Sprechen Sie uns an\" data-id=\"cta-blue-section\" data-category=\"cta\" class=\"cta-blue-section\" wfd-id=\"15\"> <div  class=\"gridContainer\" wfd-id=\"16\"> <div  class=\"flexbox-list flexbox-list-align-center row\" wfd-id=\"17\"> <div  class=\"cta-blue-textcol dynamic-color\" wfd-id=\"19\"> <h2  class=\"cta-blue-text\"> <b  class=\"element2\"> Sprechen Sie uns an!<\/b><\/h2> <\/div> <div  class=\"cta-blue-btncol\" wfd-id=\"18\"> <a class=\"button big yellow dark-text\" href=\"https:\/\/bach-electronic-solutions.de?page_id=81\" target=\"_self\" rel=\"noopener noreferrer\"> Los gehts! <\/a> <\/div> <\/div> <\/div> <\/div>","protected":false},"excerpt":{"rendered":"<p>Sicherheitstechnik Sind Sie auf der Suche nach einer Video\u00fcberwachungsl\u00f6sung? Mehr Luftaufnahmen Entdecken Sie mit uns neue Perspektiven und M\u00f6glichkeiten! Mehr EDV-Dienstleistungen Haben Sie ein Anliegen rund um das Thema elektronische Datenverarbeitung? Mehr Online-Shop Promte Selbstabholung? Oder bequem nach Hause geliefert bekommen? in Arbeit IT Security Was Sie tun k\u00f6nnen um sich zu Sch\u00fctzen. Wir beraten&hellip; <br \/> <a class=\"button small blue\" href=\"https:\/\/bach-electronic-solutions.de\/?p=285\">Weiterlesen<\/a><\/p>\n","protected":false},"author":1,"featured_media":0,"parent":0,"menu_order":0,"comment_status":"closed","ping_status":"closed","template":"","meta":[],"_links":{"self":[{"href":"https:\/\/bach-electronic-solutions.de\/index.php?rest_route=\/wp\/v2\/pages\/299"}],"collection":[{"href":"https:\/\/bach-electronic-solutions.de\/index.php?rest_route=\/wp\/v2\/pages"}],"about":[{"href":"https:\/\/bach-electronic-solutions.de\/index.php?rest_route=\/wp\/v2\/types\/page"}],"author":[{"embeddable":true,"href":"https:\/\/bach-electronic-solutions.de\/index.php?rest_route=\/wp\/v2\/users\/1"}],"replies":[{"embeddable":true,"href":"https:\/\/bach-electronic-solutions.de\/index.php?rest_route=%2Fwp%2Fv2%2Fcomments&post=299"}],"version-history":[{"count":50,"href":"https:\/\/bach-electronic-solutions.de\/index.php?rest_route=\/wp\/v2\/pages\/299\/revisions"}],"predecessor-version":[{"id":595,"href":"https:\/\/bach-electronic-solutions.de\/index.php?rest_route=\/wp\/v2\/pages\/299\/revisions\/595"}],"wp:attachment":[{"href":"https:\/\/bach-electronic-solutions.de\/index.php?rest_route=%2Fwp%2Fv2%2Fmedia&parent=299"}],"curies":[{"name":"wp","href":"https:\/\/api.w.org\/{rel}","templated":true}]}}