{"id":273,"date":"2017-01-31T07:11:38","date_gmt":"2017-01-31T07:11:38","guid":{"rendered":"http:\/\/bach-electronic-solutions.de\/?page_id=273"},"modified":"2017-08-11T15:40:50","modified_gmt":"2017-08-11T15:40:50","slug":"gefahrenmeldeanlagen-gma","status":"publish","type":"page","link":"https:\/\/bach-electronic-solutions.de\/?page_id=273","title":{"rendered":"Gefahrenmeldeanlagen (GMA)"},"content":{"rendered":"<p>Eine <b>Gefahrenmeldeanlage<\/b> (<b>GMA<\/b>) nach DIN VDE 0833 ist eine Anlage, die Gefahren f\u00fcr Sachwerte und Leben durch Einbruch, \u00dcberfall, Wasser, Gas und Feuer\u00a0<i>zuverl\u00e4ssig<\/i> erkennt und meldet.<\/p>\n<p>Wir m\u00f6chten Ihnen die Sicherheit geben, dass Ihre Firma oder Ihr Eigenheim rund um die Uhr \u00fcberwacht wird. Daf\u00fcr muss das System von einem Profi auf Ihre Bed\u00fcrfnisse ma\u00dfgeschneidert werden.<\/p>\n<p><a href=\"http:\/\/bach-electronic-solutions.de\/wp-content\/uploads\/2017\/01\/cont_img1.png\"><img loading=\"lazy\" class=\"alignnone size-medium wp-image-278\" src=\"http:\/\/bach-electronic-solutions.de\/wp-content\/uploads\/2017\/01\/cont_img1-300x176.png\" alt=\"cont_img1\" width=\"300\" height=\"176\" srcset=\"https:\/\/bach-electronic-solutions.de\/wp-content\/uploads\/2017\/01\/cont_img1-300x176.png 300w, https:\/\/bach-electronic-solutions.de\/wp-content\/uploads\/2017\/01\/cont_img1-230x135.png 230w, https:\/\/bach-electronic-solutions.de\/wp-content\/uploads\/2017\/01\/cont_img1-350x205.png 350w, https:\/\/bach-electronic-solutions.de\/wp-content\/uploads\/2017\/01\/cont_img1.png 444w\" sizes=\"(max-width: 300px) 100vw, 300px\" \/><\/a><\/p>\n<p>&nbsp;<\/p>\n<p>Jablotron Oasis<\/p>\n<p><a href=\"http:\/\/bach-electronic-solutions.de\/wp-content\/uploads\/2017\/01\/Komplettsystem.jpg\"><img loading=\"lazy\" class=\"alignnone size-medium wp-image-275\" src=\"http:\/\/bach-electronic-solutions.de\/wp-content\/uploads\/2017\/01\/Komplettsystem-300x260.jpg\" alt=\"Komplettsystem\" width=\"300\" height=\"260\" srcset=\"https:\/\/bach-electronic-solutions.de\/wp-content\/uploads\/2017\/01\/Komplettsystem-300x260.jpg 300w, https:\/\/bach-electronic-solutions.de\/wp-content\/uploads\/2017\/01\/Komplettsystem-768x666.jpg 768w, https:\/\/bach-electronic-solutions.de\/wp-content\/uploads\/2017\/01\/Komplettsystem.jpg 1024w, https:\/\/bach-electronic-solutions.de\/wp-content\/uploads\/2017\/01\/Komplettsystem-830x720.jpg 830w, https:\/\/bach-electronic-solutions.de\/wp-content\/uploads\/2017\/01\/Komplettsystem-230x199.jpg 230w, https:\/\/bach-electronic-solutions.de\/wp-content\/uploads\/2017\/01\/Komplettsystem-350x304.jpg 350w\" sizes=\"(max-width: 300px) 100vw, 300px\" \/><\/a><\/p>\n<p>Jablotron JA-100<\/p>\n<p><a href=\"http:\/\/bach-electronic-solutions.de\/wp-content\/uploads\/2017\/01\/jablotron-sortiment.png\"><img loading=\"lazy\" class=\"alignnone size-medium wp-image-276\" src=\"http:\/\/bach-electronic-solutions.de\/wp-content\/uploads\/2017\/01\/jablotron-sortiment-300x206.png\" alt=\"jablotron-sortiment\" width=\"300\" height=\"206\" srcset=\"https:\/\/bach-electronic-solutions.de\/wp-content\/uploads\/2017\/01\/jablotron-sortiment-300x206.png 300w, https:\/\/bach-electronic-solutions.de\/wp-content\/uploads\/2017\/01\/jablotron-sortiment-768x528.png 768w, https:\/\/bach-electronic-solutions.de\/wp-content\/uploads\/2017\/01\/jablotron-sortiment-830x570.png 830w, https:\/\/bach-electronic-solutions.de\/wp-content\/uploads\/2017\/01\/jablotron-sortiment-230x158.png 230w, https:\/\/bach-electronic-solutions.de\/wp-content\/uploads\/2017\/01\/jablotron-sortiment-350x241.png 350w, https:\/\/bach-electronic-solutions.de\/wp-content\/uploads\/2017\/01\/jablotron-sortiment.png 873w\" sizes=\"(max-width: 300px) 100vw, 300px\" \/><\/a><\/p>\n<p><a href=\"http:\/\/bach-electronic-solutions.de\/wp-content\/uploads\/2017\/01\/Jablotron_app.png\"><img loading=\"lazy\" class=\"alignnone size-medium wp-image-277\" src=\"http:\/\/bach-electronic-solutions.de\/wp-content\/uploads\/2017\/01\/Jablotron_app-300x229.png\" alt=\"Jablotron_app\" width=\"300\" height=\"229\" srcset=\"https:\/\/bach-electronic-solutions.de\/wp-content\/uploads\/2017\/01\/Jablotron_app-300x229.png 300w, https:\/\/bach-electronic-solutions.de\/wp-content\/uploads\/2017\/01\/Jablotron_app-230x176.png 230w, https:\/\/bach-electronic-solutions.de\/wp-content\/uploads\/2017\/01\/Jablotron_app-350x267.png 350w, https:\/\/bach-electronic-solutions.de\/wp-content\/uploads\/2017\/01\/Jablotron_app.png 575w\" sizes=\"(max-width: 300px) 100vw, 300px\" \/><\/a><\/p>\n<p>&nbsp;<\/p>\n<p>Folgende\u00a0Zertifizierungen der Systeme sind verf\u00fcgbar:<\/p>\n<ul>\n<li>EN 50131-1<\/li>\n<li>CLS\/TS 50131-5-3<\/li>\n<li>EN 50131-5-3<\/li>\n<li>EN 50131-6<\/li>\n<li>EN 50131-2-2<\/li>\n<li>EN 50131-2-6<\/li>\n<\/ul>\n<p>Vds Zertifizierungen auf Anfrage.<\/p>\n<p>&nbsp;<\/p>\n","protected":false},"excerpt":{"rendered":"<p>Eine Gefahrenmeldeanlage (GMA) nach DIN VDE 0833 ist eine Anlage, die Gefahren f\u00fcr Sachwerte und Leben durch Einbruch, \u00dcberfall, Wasser, Gas und Feuer\u00a0zuverl\u00e4ssig erkennt und meldet. Wir m\u00f6chten Ihnen die Sicherheit geben, dass Ihre Firma oder Ihr Eigenheim rund um die Uhr \u00fcberwacht wird. Daf\u00fcr muss das System von einem Profi auf Ihre Bed\u00fcrfnisse ma\u00dfgeschneidert&hellip; <br \/> <a class=\"button small blue\" href=\"https:\/\/bach-electronic-solutions.de\/?page_id=273\">Weiterlesen<\/a><\/p>\n","protected":false},"author":1,"featured_media":0,"parent":0,"menu_order":0,"comment_status":"closed","ping_status":"closed","template":"","meta":[],"_links":{"self":[{"href":"https:\/\/bach-electronic-solutions.de\/index.php?rest_route=\/wp\/v2\/pages\/273"}],"collection":[{"href":"https:\/\/bach-electronic-solutions.de\/index.php?rest_route=\/wp\/v2\/pages"}],"about":[{"href":"https:\/\/bach-electronic-solutions.de\/index.php?rest_route=\/wp\/v2\/types\/page"}],"author":[{"embeddable":true,"href":"https:\/\/bach-electronic-solutions.de\/index.php?rest_route=\/wp\/v2\/users\/1"}],"replies":[{"embeddable":true,"href":"https:\/\/bach-electronic-solutions.de\/index.php?rest_route=%2Fwp%2Fv2%2Fcomments&post=273"}],"version-history":[{"count":5,"href":"https:\/\/bach-electronic-solutions.de\/index.php?rest_route=\/wp\/v2\/pages\/273\/revisions"}],"predecessor-version":[{"id":393,"href":"https:\/\/bach-electronic-solutions.de\/index.php?rest_route=\/wp\/v2\/pages\/273\/revisions\/393"}],"wp:attachment":[{"href":"https:\/\/bach-electronic-solutions.de\/index.php?rest_route=%2Fwp%2Fv2%2Fmedia&parent=273"}],"curies":[{"name":"wp","href":"https:\/\/api.w.org\/{rel}","templated":true}]}}