{"id":220,"date":"2016-06-22T20:55:17","date_gmt":"2016-06-22T20:55:17","guid":{"rendered":"http:\/\/bach-electronic-solutions.de\/?page_id=220"},"modified":"2020-06-25T09:39:52","modified_gmt":"2020-06-25T09:39:52","slug":"drohne","status":"publish","type":"page","link":"https:\/\/bach-electronic-solutions.de\/?page_id=220","title":{"rendered":"Luftaufnahmen"},"content":{"rendered":"<p>Entdecken Sie mit uns neue Perspektiven und M\u00f6glichkeiten.<\/p>\n<p>Wir erstellen f\u00fcr sie professionelle Fotos und Videos aus der Vogelperspektive.<\/p>\n<p><a href=\"http:\/\/bach-electronic-solutions.de\/wp-content\/uploads\/2016\/06\/G0043236.jpg\"><img loading=\"lazy\" class=\"size-medium wp-image-229\" src=\"http:\/\/bach-electronic-solutions.de\/wp-content\/uploads\/2016\/06\/G0043236-300x225.jpg\" alt=\"DCIM101GOPRO\" width=\"300\" height=\"225\" srcset=\"https:\/\/bach-electronic-solutions.de\/wp-content\/uploads\/2016\/06\/G0043236-300x225.jpg 300w, https:\/\/bach-electronic-solutions.de\/wp-content\/uploads\/2016\/06\/G0043236-768x576.jpg 768w, https:\/\/bach-electronic-solutions.de\/wp-content\/uploads\/2016\/06\/G0043236-1024x768.jpg 1024w, https:\/\/bach-electronic-solutions.de\/wp-content\/uploads\/2016\/06\/G0043236-830x623.jpg 830w, https:\/\/bach-electronic-solutions.de\/wp-content\/uploads\/2016\/06\/G0043236-230x173.jpg 230w, https:\/\/bach-electronic-solutions.de\/wp-content\/uploads\/2016\/06\/G0043236-350x263.jpg 350w\" sizes=\"(max-width: 300px) 100vw, 300px\" \/><\/a><\/p>\n<p><a href=\"http:\/\/bach-electronic-solutions.de\/wp-content\/uploads\/2016\/06\/b016da1398967ab4f44d44c7d24a9658.jpg\"><img loading=\"lazy\" class=\"size-medium wp-image-283\" src=\"http:\/\/bach-electronic-solutions.de\/wp-content\/uploads\/2016\/06\/b016da1398967ab4f44d44c7d24a9658-300x225.jpg\" alt=\"DCIM101GOPRO\" width=\"300\" height=\"225\" srcset=\"https:\/\/bach-electronic-solutions.de\/wp-content\/uploads\/2016\/06\/b016da1398967ab4f44d44c7d24a9658-300x225.jpg 300w, https:\/\/bach-electronic-solutions.de\/wp-content\/uploads\/2016\/06\/b016da1398967ab4f44d44c7d24a9658-768x576.jpg 768w, https:\/\/bach-electronic-solutions.de\/wp-content\/uploads\/2016\/06\/b016da1398967ab4f44d44c7d24a9658-1024x768.jpg 1024w, https:\/\/bach-electronic-solutions.de\/wp-content\/uploads\/2016\/06\/b016da1398967ab4f44d44c7d24a9658-830x623.jpg 830w, https:\/\/bach-electronic-solutions.de\/wp-content\/uploads\/2016\/06\/b016da1398967ab4f44d44c7d24a9658-230x173.jpg 230w, https:\/\/bach-electronic-solutions.de\/wp-content\/uploads\/2016\/06\/b016da1398967ab4f44d44c7d24a9658-350x263.jpg 350w\" sizes=\"(max-width: 300px) 100vw, 300px\" \/><\/a><\/p>\n<h4>Einsatzgebiete:<\/h4>\n<ul>\n<li>Werbung, Image und Verkauf\n<ul>\n<li>Immobilienverkauf<\/li>\n<li>Firmenauftritt<\/li>\n<\/ul>\n<\/li>\n<li>Inspektion\n<ul>\n<li>Gewerbe- Industrieanlagen<\/li>\n<li>Solar- Windkraftanlagen<\/li>\n<li>Br\u00fccken und hohe Geb\u00e4ude<\/li>\n<\/ul>\n<\/li>\n<li>Dokumentation und Illustration\n<ul>\n<li>Hochzeiten<\/li>\n<li>Firmen- Familienfeiern<\/li>\n<li>Fuhrparks<\/li>\n<li>Baulanderschlie\u00dfung<\/li>\n<li>Baufortschritt<\/li>\n<li>Schadensbegutachtung<\/li>\n<li>Thermo- und Infrarotaufnahmen<\/li>\n<\/ul>\n<\/li>\n<li>Und vieles mehr&#8230;<\/li>\n<\/ul>\n<h4>Einsatzbereich:<\/h4>\n<ul>\n<li>Wir fliegen und fotografieren in bis zu 100 Metern H\u00f6he.<\/li>\n<li>Bundesweiter Einsatz des Flugger\u00e4ts auf Anfrage m\u00f6glich.<\/li>\n<\/ul>\n<hr \/>\n<p>Preise auf Anfrage.<\/p>\n<p><a href=\"http:\/\/bach-electronic-solutions.de\/wp-content\/uploads\/2016\/06\/G0022913.jpg\"><img loading=\"lazy\" class=\"size-medium wp-image-224\" src=\"http:\/\/bach-electronic-solutions.de\/wp-content\/uploads\/2016\/06\/G0022913-300x225.jpg\" alt=\"DCIM101GOPRO\" width=\"300\" height=\"225\" srcset=\"https:\/\/bach-electronic-solutions.de\/wp-content\/uploads\/2016\/06\/G0022913-300x225.jpg 300w, https:\/\/bach-electronic-solutions.de\/wp-content\/uploads\/2016\/06\/G0022913-768x576.jpg 768w, https:\/\/bach-electronic-solutions.de\/wp-content\/uploads\/2016\/06\/G0022913-1024x768.jpg 1024w, https:\/\/bach-electronic-solutions.de\/wp-content\/uploads\/2016\/06\/G0022913-830x623.jpg 830w, https:\/\/bach-electronic-solutions.de\/wp-content\/uploads\/2016\/06\/G0022913-230x173.jpg 230w, https:\/\/bach-electronic-solutions.de\/wp-content\/uploads\/2016\/06\/G0022913-350x263.jpg 350w\" sizes=\"(max-width: 300px) 100vw, 300px\" \/><\/a><\/p>\n<p><a href=\"http:\/\/bach-electronic-solutions.de\/wp-content\/uploads\/2020\/06\/quadrocopter-5239174_1920.jpg\"><img loading=\"lazy\" class=\"alignnone size-medium wp-image-544\" src=\"http:\/\/bach-electronic-solutions.de\/wp-content\/uploads\/2020\/06\/quadrocopter-5239174_1920-300x164.jpg\" alt=\"\" width=\"300\" height=\"164\" srcset=\"https:\/\/bach-electronic-solutions.de\/wp-content\/uploads\/2020\/06\/quadrocopter-5239174_1920-300x164.jpg 300w, https:\/\/bach-electronic-solutions.de\/wp-content\/uploads\/2020\/06\/quadrocopter-5239174_1920-1024x561.jpg 1024w, https:\/\/bach-electronic-solutions.de\/wp-content\/uploads\/2020\/06\/quadrocopter-5239174_1920-768x421.jpg 768w, https:\/\/bach-electronic-solutions.de\/wp-content\/uploads\/2020\/06\/quadrocopter-5239174_1920-1536x842.jpg 1536w, https:\/\/bach-electronic-solutions.de\/wp-content\/uploads\/2020\/06\/quadrocopter-5239174_1920.jpg 1920w\" sizes=\"(max-width: 300px) 100vw, 300px\" \/><\/a><\/p>\n<p>Wir sind im Besitz aller notwendigen Genehmigungen des Ordnungsamts und der Regierungspr\u00e4sidiums. Ein gesonderter Luftfahrt Versicherungsschutz liegt vor.<\/p>\n<p>Bei unseren Flugeins\u00e4tzen werden Luftfahrtgesetze, Privatsph\u00e4re und Datenschutzbestimmungen eingehalten.<\/p>\n","protected":false},"excerpt":{"rendered":"<p>Entdecken Sie mit uns neue Perspektiven und M\u00f6glichkeiten. Wir erstellen f\u00fcr sie professionelle Fotos und Videos aus der Vogelperspektive. Einsatzgebiete: Werbung, Image und Verkauf Immobilienverkauf Firmenauftritt Inspektion Gewerbe- Industrieanlagen Solar- Windkraftanlagen Br\u00fccken und hohe Geb\u00e4ude Dokumentation und Illustration Hochzeiten Firmen- Familienfeiern Fuhrparks Baulanderschlie\u00dfung Baufortschritt Schadensbegutachtung Thermo- und Infrarotaufnahmen Und vieles mehr&#8230; Einsatzbereich: Wir fliegen und&hellip; <br \/> <a class=\"button small blue\" href=\"https:\/\/bach-electronic-solutions.de\/?page_id=220\">Weiterlesen<\/a><\/p>\n","protected":false},"author":1,"featured_media":0,"parent":0,"menu_order":0,"comment_status":"closed","ping_status":"closed","template":"","meta":[],"_links":{"self":[{"href":"https:\/\/bach-electronic-solutions.de\/index.php?rest_route=\/wp\/v2\/pages\/220"}],"collection":[{"href":"https:\/\/bach-electronic-solutions.de\/index.php?rest_route=\/wp\/v2\/pages"}],"about":[{"href":"https:\/\/bach-electronic-solutions.de\/index.php?rest_route=\/wp\/v2\/types\/page"}],"author":[{"embeddable":true,"href":"https:\/\/bach-electronic-solutions.de\/index.php?rest_route=\/wp\/v2\/users\/1"}],"replies":[{"embeddable":true,"href":"https:\/\/bach-electronic-solutions.de\/index.php?rest_route=%2Fwp%2Fv2%2Fcomments&post=220"}],"version-history":[{"count":8,"href":"https:\/\/bach-electronic-solutions.de\/index.php?rest_route=\/wp\/v2\/pages\/220\/revisions"}],"predecessor-version":[{"id":563,"href":"https:\/\/bach-electronic-solutions.de\/index.php?rest_route=\/wp\/v2\/pages\/220\/revisions\/563"}],"wp:attachment":[{"href":"https:\/\/bach-electronic-solutions.de\/index.php?rest_route=%2Fwp%2Fv2%2Fmedia&parent=220"}],"curies":[{"name":"wp","href":"https:\/\/api.w.org\/{rel}","templated":true}]}}