{"id":139,"date":"2015-10-04T18:01:42","date_gmt":"2015-10-04T18:01:42","guid":{"rendered":"http:\/\/bach-electronic-solutions.de\/?page_id=139"},"modified":"2017-01-31T06:52:48","modified_gmt":"2017-01-31T06:52:48","slug":"temporaere-ueberwachung","status":"publish","type":"page","link":"https:\/\/bach-electronic-solutions.de\/?page_id=139","title":{"rendered":"Tempor\u00e4re \u00dcberwachung"},"content":{"rendered":"<p>Wir bieten Ihnen tempor\u00e4re \u00dcberwachungsdienstleistungen \u00fcber einen bestimmten Zeitraum an.<\/p>\n<p>Diese Dienstleistung kann folgende Komponenten beinhalten:<\/p>\n<ul>\n<li>Video \u00dcberwachung 24\/7 Tag\/Nacht<\/li>\n<li>Lichtschranken<\/li>\n<li>Bewegungsmelder<\/li>\n<li>Tor-, T\u00fcr- und Fenster- Kontakt<\/li>\n<li>weitere Melder auf Anfrage<\/li>\n<li>Auswertung und Aufbereitung der Aufnahmen<\/li>\n<\/ul>\n<p><a href=\"http:\/\/bach-electronic-solutions.de\/wp-content\/uploads\/2015\/10\/20140705_082343_Android.jpg\"><img loading=\"lazy\" class=\"alignnone size-medium wp-image-140\" src=\"http:\/\/bach-electronic-solutions.de\/wp-content\/uploads\/2015\/10\/20140705_082343_Android-300x169.jpg\" alt=\"20140705_082343_Android\" width=\"300\" height=\"169\" srcset=\"https:\/\/bach-electronic-solutions.de\/wp-content\/uploads\/2015\/10\/20140705_082343_Android-300x169.jpg 300w, https:\/\/bach-electronic-solutions.de\/wp-content\/uploads\/2015\/10\/20140705_082343_Android-1024x576.jpg 1024w, https:\/\/bach-electronic-solutions.de\/wp-content\/uploads\/2015\/10\/20140705_082343_Android-830x467.jpg 830w, https:\/\/bach-electronic-solutions.de\/wp-content\/uploads\/2015\/10\/20140705_082343_Android-230x129.jpg 230w, https:\/\/bach-electronic-solutions.de\/wp-content\/uploads\/2015\/10\/20140705_082343_Android-350x197.jpg 350w\" sizes=\"(max-width: 300px) 100vw, 300px\" \/><\/a><\/p>\n","protected":false},"excerpt":{"rendered":"<p>Wir bieten Ihnen tempor\u00e4re \u00dcberwachungsdienstleistungen \u00fcber einen bestimmten Zeitraum an. Diese Dienstleistung kann folgende Komponenten beinhalten: Video \u00dcberwachung 24\/7 Tag\/Nacht Lichtschranken Bewegungsmelder Tor-, T\u00fcr- und Fenster- Kontakt weitere Melder auf Anfrage Auswertung und Aufbereitung der Aufnahmen<\/p>\n","protected":false},"author":1,"featured_media":0,"parent":0,"menu_order":0,"comment_status":"closed","ping_status":"closed","template":"","meta":[],"_links":{"self":[{"href":"https:\/\/bach-electronic-solutions.de\/index.php?rest_route=\/wp\/v2\/pages\/139"}],"collection":[{"href":"https:\/\/bach-electronic-solutions.de\/index.php?rest_route=\/wp\/v2\/pages"}],"about":[{"href":"https:\/\/bach-electronic-solutions.de\/index.php?rest_route=\/wp\/v2\/types\/page"}],"author":[{"embeddable":true,"href":"https:\/\/bach-electronic-solutions.de\/index.php?rest_route=\/wp\/v2\/users\/1"}],"replies":[{"embeddable":true,"href":"https:\/\/bach-electronic-solutions.de\/index.php?rest_route=%2Fwp%2Fv2%2Fcomments&post=139"}],"version-history":[{"count":4,"href":"https:\/\/bach-electronic-solutions.de\/index.php?rest_route=\/wp\/v2\/pages\/139\/revisions"}],"predecessor-version":[{"id":271,"href":"https:\/\/bach-electronic-solutions.de\/index.php?rest_route=\/wp\/v2\/pages\/139\/revisions\/271"}],"wp:attachment":[{"href":"https:\/\/bach-electronic-solutions.de\/index.php?rest_route=%2Fwp%2Fv2%2Fmedia&parent=139"}],"curies":[{"name":"wp","href":"https:\/\/api.w.org\/{rel}","templated":true}]}}