{"id":123,"date":"2015-10-04T17:52:05","date_gmt":"2015-10-04T17:52:05","guid":{"rendered":"http:\/\/bach-electronic-solutions.de\/?page_id=123"},"modified":"2020-06-25T09:38:13","modified_gmt":"2020-06-25T09:38:13","slug":"objektueberwachung","status":"publish","type":"page","link":"https:\/\/bach-electronic-solutions.de\/?page_id=123","title":{"rendered":"Video\u00fcberwachung"},"content":{"rendered":"<p>Wir beraten, planen und\u00a0installieren ein f\u00fcr Ihre Bed\u00fcrfnisse zugeschnittenes Video\u00fcberwachungssystem.<\/p>\n<hr \/>\n<p><strong>Video \u00dcberwachungssystem privat Haushalt:<\/strong><\/p>\n<ul>\n<li>2 IP Kameras<\/li>\n<li>Netzwerkrekorder<\/li>\n<li>Koppelung mit Gegensprech- und Klingelanlage<\/li>\n<\/ul>\n<p><a href=\"http:\/\/bach-electronic-solutions.de\/wp-content\/uploads\/2015\/10\/20170129_111040.jpg\"><img loading=\"lazy\" class=\"alignnone size-medium wp-image-262\" src=\"http:\/\/bach-electronic-solutions.de\/wp-content\/uploads\/2015\/10\/20170129_111040-300x169.jpg\" alt=\"20170129_111040\" width=\"300\" height=\"169\" srcset=\"https:\/\/bach-electronic-solutions.de\/wp-content\/uploads\/2015\/10\/20170129_111040-300x169.jpg 300w, https:\/\/bach-electronic-solutions.de\/wp-content\/uploads\/2015\/10\/20170129_111040-768x432.jpg 768w, https:\/\/bach-electronic-solutions.de\/wp-content\/uploads\/2015\/10\/20170129_111040-1024x576.jpg 1024w, https:\/\/bach-electronic-solutions.de\/wp-content\/uploads\/2015\/10\/20170129_111040-830x467.jpg 830w, https:\/\/bach-electronic-solutions.de\/wp-content\/uploads\/2015\/10\/20170129_111040-230x129.jpg 230w, https:\/\/bach-electronic-solutions.de\/wp-content\/uploads\/2015\/10\/20170129_111040-350x197.jpg 350w\" sizes=\"(max-width: 300px) 100vw, 300px\" \/><\/a><\/p>\n<p><a href=\"http:\/\/bach-electronic-solutions.de\/wp-content\/uploads\/2015\/10\/20170129_111031.jpg\"><img loading=\"lazy\" class=\"alignnone size-medium wp-image-266\" src=\"http:\/\/bach-electronic-solutions.de\/wp-content\/uploads\/2015\/10\/20170129_111031-300x256.jpg\" alt=\"20170129_111031\" width=\"300\" height=\"256\" srcset=\"https:\/\/bach-electronic-solutions.de\/wp-content\/uploads\/2015\/10\/20170129_111031-300x256.jpg 300w, https:\/\/bach-electronic-solutions.de\/wp-content\/uploads\/2015\/10\/20170129_111031-768x656.jpg 768w, https:\/\/bach-electronic-solutions.de\/wp-content\/uploads\/2015\/10\/20170129_111031-1024x875.jpg 1024w, https:\/\/bach-electronic-solutions.de\/wp-content\/uploads\/2015\/10\/20170129_111031-830x709.jpg 830w, https:\/\/bach-electronic-solutions.de\/wp-content\/uploads\/2015\/10\/20170129_111031-230x196.jpg 230w, https:\/\/bach-electronic-solutions.de\/wp-content\/uploads\/2015\/10\/20170129_111031-350x299.jpg 350w\" sizes=\"(max-width: 300px) 100vw, 300px\" \/><\/a><\/p>\n<p>Das \u00dcberwachungssystem erkennt automatisch eine Bewegung im Eingangsbereich und bringt das Live Bild des Eingangsbereichs in &#8222;Gro\u00df&#8220; zur Anzeige.<\/p>\n<p><a href=\"http:\/\/bach-electronic-solutions.de\/wp-content\/uploads\/2015\/10\/20170129_111108.jpg\"><img loading=\"lazy\" class=\"alignnone size-medium wp-image-265\" src=\"http:\/\/bach-electronic-solutions.de\/wp-content\/uploads\/2015\/10\/20170129_111108-300x257.jpg\" alt=\"20170129_111108\" width=\"300\" height=\"257\" srcset=\"https:\/\/bach-electronic-solutions.de\/wp-content\/uploads\/2015\/10\/20170129_111108-300x257.jpg 300w, https:\/\/bach-electronic-solutions.de\/wp-content\/uploads\/2015\/10\/20170129_111108-768x658.jpg 768w, https:\/\/bach-electronic-solutions.de\/wp-content\/uploads\/2015\/10\/20170129_111108-1024x877.jpg 1024w, https:\/\/bach-electronic-solutions.de\/wp-content\/uploads\/2015\/10\/20170129_111108-830x711.jpg 830w, https:\/\/bach-electronic-solutions.de\/wp-content\/uploads\/2015\/10\/20170129_111108-230x197.jpg 230w, https:\/\/bach-electronic-solutions.de\/wp-content\/uploads\/2015\/10\/20170129_111108-350x300.jpg 350w\" sizes=\"(max-width: 300px) 100vw, 300px\" \/><\/a><\/p>\n<p>Um zum Beispiel nicht die Privatsph\u00e4re der Nachbarn zu beeintr\u00e4chtigen ist es m\u00f6glich gewisse Bereich nach Belieben auszublenden.<\/p>\n<hr \/>\n<p><strong>Video \u00dcberwachungssystem Industrieanlagen:<\/strong><\/p>\n<ul>\n<li>Installation an schwer zug\u00e4nglichen\u00a0Stellen m\u00f6glich<\/li>\n<li>Vernetzung von mehreren Standorten<\/li>\n<\/ul>\n<p><a href=\"http:\/\/bach-electronic-solutions.de\/wp-content\/uploads\/2015\/10\/WP_20140302_12_04_11_Pro.jpg\"><img loading=\"lazy\" class=\"alignnone size-medium wp-image-127\" src=\"http:\/\/bach-electronic-solutions.de\/wp-content\/uploads\/2015\/10\/WP_20140302_12_04_11_Pro-300x169.jpg\" alt=\"WP_20140302_12_04_11_Pro\" width=\"300\" height=\"169\" srcset=\"https:\/\/bach-electronic-solutions.de\/wp-content\/uploads\/2015\/10\/WP_20140302_12_04_11_Pro-300x169.jpg 300w, https:\/\/bach-electronic-solutions.de\/wp-content\/uploads\/2015\/10\/WP_20140302_12_04_11_Pro-1024x576.jpg 1024w, https:\/\/bach-electronic-solutions.de\/wp-content\/uploads\/2015\/10\/WP_20140302_12_04_11_Pro-830x467.jpg 830w, https:\/\/bach-electronic-solutions.de\/wp-content\/uploads\/2015\/10\/WP_20140302_12_04_11_Pro-230x129.jpg 230w, https:\/\/bach-electronic-solutions.de\/wp-content\/uploads\/2015\/10\/WP_20140302_12_04_11_Pro-350x197.jpg 350w, https:\/\/bach-electronic-solutions.de\/wp-content\/uploads\/2015\/10\/WP_20140302_12_04_11_Pro.jpg 1277w\" sizes=\"(max-width: 300px) 100vw, 300px\" \/><\/a>\u00a0 \u00a0<a href=\"http:\/\/bach-electronic-solutions.de\/wp-content\/uploads\/2015\/10\/WP_20140302_12_04_28_Pro.jpg\"><img loading=\"lazy\" class=\"alignnone size-medium wp-image-128\" src=\"http:\/\/bach-electronic-solutions.de\/wp-content\/uploads\/2015\/10\/WP_20140302_12_04_28_Pro-300x169.jpg\" alt=\"WP_20140302_12_04_28_Pro\" width=\"300\" height=\"169\" srcset=\"https:\/\/bach-electronic-solutions.de\/wp-content\/uploads\/2015\/10\/WP_20140302_12_04_28_Pro-300x169.jpg 300w, https:\/\/bach-electronic-solutions.de\/wp-content\/uploads\/2015\/10\/WP_20140302_12_04_28_Pro-1024x576.jpg 1024w, https:\/\/bach-electronic-solutions.de\/wp-content\/uploads\/2015\/10\/WP_20140302_12_04_28_Pro-830x467.jpg 830w, https:\/\/bach-electronic-solutions.de\/wp-content\/uploads\/2015\/10\/WP_20140302_12_04_28_Pro-230x129.jpg 230w, https:\/\/bach-electronic-solutions.de\/wp-content\/uploads\/2015\/10\/WP_20140302_12_04_28_Pro-350x197.jpg 350w, https:\/\/bach-electronic-solutions.de\/wp-content\/uploads\/2015\/10\/WP_20140302_12_04_28_Pro.jpg 1277w\" sizes=\"(max-width: 300px) 100vw, 300px\" \/><\/a><\/p>\n<p><a href=\"http:\/\/bach-electronic-solutions.de\/wp-content\/uploads\/2015\/10\/WP_20140322_15_28_28_Pro.jpg\"><img loading=\"lazy\" class=\"alignnone size-medium wp-image-129\" src=\"http:\/\/bach-electronic-solutions.de\/wp-content\/uploads\/2015\/10\/WP_20140322_15_28_28_Pro-300x169.jpg\" alt=\"WP_20140322_15_28_28_Pro\" width=\"300\" height=\"169\" srcset=\"https:\/\/bach-electronic-solutions.de\/wp-content\/uploads\/2015\/10\/WP_20140322_15_28_28_Pro-300x169.jpg 300w, https:\/\/bach-electronic-solutions.de\/wp-content\/uploads\/2015\/10\/WP_20140322_15_28_28_Pro-1024x576.jpg 1024w, https:\/\/bach-electronic-solutions.de\/wp-content\/uploads\/2015\/10\/WP_20140322_15_28_28_Pro-830x467.jpg 830w, https:\/\/bach-electronic-solutions.de\/wp-content\/uploads\/2015\/10\/WP_20140322_15_28_28_Pro-230x129.jpg 230w, https:\/\/bach-electronic-solutions.de\/wp-content\/uploads\/2015\/10\/WP_20140322_15_28_28_Pro-350x197.jpg 350w, https:\/\/bach-electronic-solutions.de\/wp-content\/uploads\/2015\/10\/WP_20140322_15_28_28_Pro.jpg 1277w\" sizes=\"(max-width: 300px) 100vw, 300px\" \/>\u00a0 \u00a0<\/a><a href=\"http:\/\/bach-electronic-solutions.de\/wp-content\/uploads\/2015\/10\/cropped-WP_20140302_10_25_20_Pro.jpg\"><img loading=\"lazy\" class=\"alignnone size-medium wp-image-42\" src=\"http:\/\/bach-electronic-solutions.de\/wp-content\/uploads\/2015\/10\/cropped-WP_20140302_10_25_20_Pro-300x93.jpg\" alt=\"cropped-WP_20140302_10_25_20_Pro.jpg\" width=\"300\" height=\"93\" srcset=\"https:\/\/bach-electronic-solutions.de\/wp-content\/uploads\/2015\/10\/cropped-WP_20140302_10_25_20_Pro-300x93.jpg 300w, https:\/\/bach-electronic-solutions.de\/wp-content\/uploads\/2015\/10\/cropped-WP_20140302_10_25_20_Pro-1024x319.jpg 1024w, https:\/\/bach-electronic-solutions.de\/wp-content\/uploads\/2015\/10\/cropped-WP_20140302_10_25_20_Pro-830x259.jpg 830w, https:\/\/bach-electronic-solutions.de\/wp-content\/uploads\/2015\/10\/cropped-WP_20140302_10_25_20_Pro-230x72.jpg 230w, https:\/\/bach-electronic-solutions.de\/wp-content\/uploads\/2015\/10\/cropped-WP_20140302_10_25_20_Pro-350x109.jpg 350w, https:\/\/bach-electronic-solutions.de\/wp-content\/uploads\/2015\/10\/cropped-WP_20140302_10_25_20_Pro.jpg 1920w\" sizes=\"(max-width: 300px) 100vw, 300px\" \/><\/a><\/p>\n<hr \/>\n<p><strong>Video \u00dcberwachungssystem bei Nacht:<\/strong><\/p>\n<p>Auch bei kompletter Dunkelheit ist es m\u00f6glich scharfe Aufnahmen zu erstellen.<\/p>\n<p><a href=\"http:\/\/bach-electronic-solutions.de\/wp-content\/uploads\/2015\/10\/Dressel1.png\"><img loading=\"lazy\" class=\"alignnone size-medium wp-image-267\" src=\"http:\/\/bach-electronic-solutions.de\/wp-content\/uploads\/2015\/10\/Dressel1-300x226.png\" alt=\"Dressel1\" width=\"300\" height=\"226\" srcset=\"https:\/\/bach-electronic-solutions.de\/wp-content\/uploads\/2015\/10\/Dressel1-300x226.png 300w, https:\/\/bach-electronic-solutions.de\/wp-content\/uploads\/2015\/10\/Dressel1-230x173.png 230w, https:\/\/bach-electronic-solutions.de\/wp-content\/uploads\/2015\/10\/Dressel1-350x264.png 350w, https:\/\/bach-electronic-solutions.de\/wp-content\/uploads\/2015\/10\/Dressel1.png 699w\" sizes=\"(max-width: 300px) 100vw, 300px\" \/><\/a><\/p>\n<p><a href=\"http:\/\/bach-electronic-solutions.de\/wp-content\/uploads\/2015\/10\/Dressel2.png\"><img loading=\"lazy\" class=\"alignnone wp-image-268\" src=\"http:\/\/bach-electronic-solutions.de\/wp-content\/uploads\/2015\/10\/Dressel2-300x243.png\" alt=\"Dressel2\" width=\"299\" height=\"242\" srcset=\"https:\/\/bach-electronic-solutions.de\/wp-content\/uploads\/2015\/10\/Dressel2-300x243.png 300w, https:\/\/bach-electronic-solutions.de\/wp-content\/uploads\/2015\/10\/Dressel2-768x622.png 768w, https:\/\/bach-electronic-solutions.de\/wp-content\/uploads\/2015\/10\/Dressel2-830x672.png 830w, https:\/\/bach-electronic-solutions.de\/wp-content\/uploads\/2015\/10\/Dressel2-230x186.png 230w, https:\/\/bach-electronic-solutions.de\/wp-content\/uploads\/2015\/10\/Dressel2-350x283.png 350w, https:\/\/bach-electronic-solutions.de\/wp-content\/uploads\/2015\/10\/Dressel2.png 831w\" sizes=\"(max-width: 299px) 100vw, 299px\" \/><\/a><\/p>\n","protected":false},"excerpt":{"rendered":"<p>Wir beraten, planen und\u00a0installieren ein f\u00fcr Ihre Bed\u00fcrfnisse zugeschnittenes Video\u00fcberwachungssystem. Video \u00dcberwachungssystem privat Haushalt: 2 IP Kameras Netzwerkrekorder Koppelung mit Gegensprech- und Klingelanlage Das \u00dcberwachungssystem erkennt automatisch eine Bewegung im Eingangsbereich und bringt das Live Bild des Eingangsbereichs in &#8222;Gro\u00df&#8220; zur Anzeige. Um zum Beispiel nicht die Privatsph\u00e4re der Nachbarn zu beeintr\u00e4chtigen ist es m\u00f6glich&hellip; <br \/> <a class=\"button small blue\" href=\"https:\/\/bach-electronic-solutions.de\/?page_id=123\">Weiterlesen<\/a><\/p>\n","protected":false},"author":1,"featured_media":0,"parent":0,"menu_order":0,"comment_status":"closed","ping_status":"closed","template":"","meta":[],"_links":{"self":[{"href":"https:\/\/bach-electronic-solutions.de\/index.php?rest_route=\/wp\/v2\/pages\/123"}],"collection":[{"href":"https:\/\/bach-electronic-solutions.de\/index.php?rest_route=\/wp\/v2\/pages"}],"about":[{"href":"https:\/\/bach-electronic-solutions.de\/index.php?rest_route=\/wp\/v2\/types\/page"}],"author":[{"embeddable":true,"href":"https:\/\/bach-electronic-solutions.de\/index.php?rest_route=\/wp\/v2\/users\/1"}],"replies":[{"embeddable":true,"href":"https:\/\/bach-electronic-solutions.de\/index.php?rest_route=%2Fwp%2Fv2%2Fcomments&post=123"}],"version-history":[{"count":12,"href":"https:\/\/bach-electronic-solutions.de\/index.php?rest_route=\/wp\/v2\/pages\/123\/revisions"}],"predecessor-version":[{"id":561,"href":"https:\/\/bach-electronic-solutions.de\/index.php?rest_route=\/wp\/v2\/pages\/123\/revisions\/561"}],"wp:attachment":[{"href":"https:\/\/bach-electronic-solutions.de\/index.php?rest_route=%2Fwp%2Fv2%2Fmedia&parent=123"}],"curies":[{"name":"wp","href":"https:\/\/api.w.org\/{rel}","templated":true}]}}